{"id":473,"date":"2022-08-29T12:52:50","date_gmt":"2022-08-29T10:52:50","guid":{"rendered":"https:\/\/www.denieuwetegel.nl\/?page_id=473"},"modified":"2025-04-04T14:52:28","modified_gmt":"2025-04-04T12:52:28","slug":"vakantiewoning","status":"publish","type":"page","link":"https:\/\/www.denieuwetegel.nl\/de\/vakantiewoning\/","title":{"rendered":"Ferienhaus"},"content":{"rendered":"<p>Diese neue, sehr luxuri\u00f6se Ferienwohnung, ist mit den \u201cZeeuwse Moppen\u201d (traditionelle, Zeel\u00e4ndische Ziegelsteine) wieder aufgebaut ( 2017) und mit allen modernen Annehmlichkeiten versehen. Einzigartige Lage, hinter dem gem\u00fctlichen Zentrum von Zoutelande (50 Meter) und 150 Meter vom Strand entfernt. Unsere Adresse lautet : Timmermanstraat 9, 4374 AR Zoutelande.<br \/>\nF\u00fcr einen sorglosen Urlaub hantieren wir das \u201call-in\u201d Prinzip ! Parken ist m\u00f6glich vor das Haus, F\u00fcr 2. Auto ist ein Parkausweis vorhanden. ( Zone 3)<\/p>\n<h2>Einteilung Erdgeschoss: Schwellenfrei mit Fu\u03b2bodenheizung.<\/h2>\n<p>Eingang, Flur, Toilette und Waschk\u00fcche, welche mit Waschmaschine, Trockner, B\u00fcgelbrett, B\u00fcgeleisen und Trockengestell versehen ist.<br \/>\nIm Wohnzimmer befindet sich eine integrierte K\u00fcchenzeile mit K\u00fccheninsel, 2 Barhocker Kombiofen\/Mikrowelle, Geschirrsp\u00fclmaschine, Gasherd mit 5 Kochm\u00f6glichkeiten, K\u00fchlschrank, Kaffeeapparat, Zitruspresse und Wasserkocher.<br \/>\nIn Wohnzimmer ist jeweils eine Couch f\u00fcr 2 und 3 Personen und ein Smart TV. Die Essecke besteht aus einem gro\u03b2en Tisch und 6 St\u00fchlen.<br \/>\nAusserdem sind dort auch 2 Terrassen, die via Schiebet\u00fcren zu erreichen sind. Beide haben Gartenm\u00f6bel f\u00fcr 6 Personen und Beleuchtung, eine hat S\u00fcdlage (Garten), die andere liegt im Nordosten<br \/>\nDie Schlafzimmer haben Swiss Sense 2 Personen Boxspringbetten mit einer Auflage, 1.60 breit 2.00 lang, mit 2 separaten Decken, die frisch bezogen sind, wenn Sie ihren Urlaub antreten und einen 2ten Fernseher. Angrenzend befindet sich das 1ste Badezimmer mit Sealskin Duschkabine, Toilette und Waschbeckenm\u00f6bel.<\/p>\n<h2>Einteilung 1ste Etage:<\/h2>\n<p>2 Schlafzimmer, die beide mit, ebenso wie im Erdgeschoss, ein Swiss Sense 2 Personen Boxspringbett mit Auflage von 1.60 breit 2.00 lang versehen sind, mit 2 separaten Decken, die bei Ankunft frisch bezogen sind. Alle Schlafzimmer haben einen Kleiderschrank aus Steigerholz, hergestellt durch Pieter Kerkhove Holzbearbeitung. Das 2te gro\u00dfz\u00fcgige Badezimmer hat ebenfalls eine Sealskin Dusche, Toilette und ein Wachbeckenm\u00f6bel.<\/p>\n<h2>Buchungsperioden:<\/h2>\n<p>Woche = Ankunft Freitag 15Uhr und Abfahrt Freitag 10Uhr. In manchen Perioden ist es auch m\u00f6glich eine 5 Tage Woche oder ein langer Wochenende zu buchen. 5 Tage Woche = Ankunft Montag 15Uhr bis Abfahrt Freitag 10Uhr. Langes Wochenende = Ankunft Freitag 15Uhr bis Abfahrt Montag 10Uhr.<\/p>\n<h2>Allgemeine Informationen<\/h2>\n<p>Wenn Sie mit weniger als 5 Personen sind, gibt es mehrere Rabattoptionen, Weitere Informationen finden Sie bei &#8222;Reservierungen&#8220;.<\/p>\n<p>Diese Sommerwohnung ist f\u00fcr 6 Personen geeignet (Erwachsene mit Kindern) und 1 Baby (2tes Baby m\u00f6glich, daf\u00fcr sollten Sie bitte ein eigenes Reisebettchen mitnehmen. (Bitte bei der Reservierung erw\u00e4hnen). NICHT f\u00fcr Gruppen und Jugendliche geeignet.<\/p>\n<p>Es gibt 2 Terrassen, 1 im S\u00fcden (Garten) 1 im Nordosten, beide mit 1 Tisch und 6 St\u00fchlen.<\/p>\n<p>In der Sommerwohnung ist Rauchverbot, auf den Terrassen darf geraucht werden.<\/p>\n<a class=\"lts_button lts_button_sc lts_button_default lt_rounded lt_flat  \"  style=\"background:#1f1f1f;color:#ffffff;border-color:#1f1f1f;\" href=\"\/de\/reserveren\/\"   >Reservieren?<\/a>\n<p>&nbsp;<\/p>","protected":false},"excerpt":{"rendered":"<p>Diese neue, sehr luxuri\u00f6se Ferienwohnung, ist mit den \u201cZeeuwse Moppen\u201d (traditionelle, Zeel\u00e4ndische Ziegelsteine) wieder aufgebaut ( 2017) und mit allen modernen Annehmlichkeiten versehen. Einzigartige Lage, hinter dem gem\u00fctlichen Zentrum von Zoutelande (50 Meter) und 150 Meter vom Strand entfernt. Unsere Adresse lautet : Timmermanstraat 9, 4374 AR Zoutelande. F\u00fcr einen sorglosen Urlaub hantieren wir das<br \/><a class=\"moretag\" href=\"https:\/\/www.denieuwetegel.nl\/de\/vakantiewoning\/\">+ Lesen Sie mehr<\/a><\/p>\n","protected":false},"author":1,"featured_media":0,"parent":0,"menu_order":0,"comment_status":"closed","ping_status":"closed","template":"","meta":{"footnotes":""},"class_list":["post-473","page","type-page","status-publish","hentry"],"yoast_head":"<!-- This site is optimized with the Yoast SEO plugin v27.5 - https:\/\/yoast.com\/product\/yoast-seo-wordpress\/ -->\n<title>Ferienhaus - De Nieuwe Tegel<\/title>\n<meta name=\"robots\" content=\"index, follow, max-snippet:-1, max-image-preview:large, max-video-preview:-1\" \/>\n<link rel=\"canonical\" href=\"https:\/\/www.denieuwetegel.nl\/de\/vakantiewoning\/\" \/>\n<meta property=\"og:locale\" content=\"de_DE\" \/>\n<meta property=\"og:type\" content=\"article\" \/>\n<meta property=\"og:title\" content=\"Ferienhaus - De Nieuwe Tegel\" \/>\n<meta property=\"og:description\" content=\"Diese neue, sehr luxuri\u00f6se Ferienwohnung, ist mit den \u201cZeeuwse Moppen\u201d (traditionelle, Zeel\u00e4ndische Ziegelsteine) wieder aufgebaut ( 2017) und mit allen modernen Annehmlichkeiten versehen. Einzigartige Lage, hinter dem gem\u00fctlichen Zentrum von Zoutelande (50 Meter) und 150 Meter vom Strand entfernt. Unsere Adresse lautet : Timmermanstraat 9, 4374 AR Zoutelande. F\u00fcr einen sorglosen Urlaub hantieren wir das+ Lesen Sie mehr\" \/>\n<meta property=\"og:url\" content=\"https:\/\/www.denieuwetegel.nl\/de\/vakantiewoning\/\" \/>\n<meta property=\"og:site_name\" content=\"De Nieuwe Tegel\" \/>\n<meta property=\"article:modified_time\" content=\"2025-04-04T12:52:28+00:00\" \/>\n<meta name=\"twitter:card\" content=\"summary_large_image\" \/>\n<meta name=\"twitter:label1\" content=\"Gesch\u00e4tzte Lesezeit\" \/>\n\t<meta name=\"twitter:data1\" content=\"3\u00a0Minuten\" \/>\n<script type=\"application\/ld+json\" class=\"yoast-schema-graph\">{\"@context\":\"https:\\\/\\\/schema.org\",\"@graph\":[{\"@type\":\"WebPage\",\"@id\":\"https:\\\/\\\/www.denieuwetegel.nl\\\/de\\\/vakantiewoning\\\/\",\"url\":\"https:\\\/\\\/www.denieuwetegel.nl\\\/de\\\/vakantiewoning\\\/\",\"name\":\"Ferienhaus - De Nieuwe Tegel\",\"isPartOf\":{\"@id\":\"https:\\\/\\\/www.denieuwetegel.nl\\\/#website\"},\"datePublished\":\"2022-08-29T10:52:50+00:00\",\"dateModified\":\"2025-04-04T12:52:28+00:00\",\"breadcrumb\":{\"@id\":\"https:\\\/\\\/www.denieuwetegel.nl\\\/de\\\/vakantiewoning\\\/#breadcrumb\"},\"inLanguage\":\"de\",\"potentialAction\":[{\"@type\":\"ReadAction\",\"target\":[\"https:\\\/\\\/www.denieuwetegel.nl\\\/de\\\/vakantiewoning\\\/\"]}]},{\"@type\":\"BreadcrumbList\",\"@id\":\"https:\\\/\\\/www.denieuwetegel.nl\\\/de\\\/vakantiewoning\\\/#breadcrumb\",\"itemListElement\":[{\"@type\":\"ListItem\",\"position\":1,\"name\":\"Home\",\"item\":\"https:\\\/\\\/www.denieuwetegel.nl\\\/\"},{\"@type\":\"ListItem\",\"position\":2,\"name\":\"Ferienhaus\"}]},{\"@type\":\"WebSite\",\"@id\":\"https:\\\/\\\/www.denieuwetegel.nl\\\/#website\",\"url\":\"https:\\\/\\\/www.denieuwetegel.nl\\\/\",\"name\":\"De Nieuwe Tegel\",\"description\":\"Vakantiewoning Zoutelande\",\"potentialAction\":[{\"@type\":\"SearchAction\",\"target\":{\"@type\":\"EntryPoint\",\"urlTemplate\":\"https:\\\/\\\/www.denieuwetegel.nl\\\/?s={search_term_string}\"},\"query-input\":{\"@type\":\"PropertyValueSpecification\",\"valueRequired\":true,\"valueName\":\"search_term_string\"}}],\"inLanguage\":\"de\"}]}<\/script>\n<!-- \/ Yoast SEO plugin. -->","yoast_head_json":{"title":"Ferienhaus - De Nieuwe Tegel","robots":{"index":"index","follow":"follow","max-snippet":"max-snippet:-1","max-image-preview":"max-image-preview:large","max-video-preview":"max-video-preview:-1"},"canonical":"https:\/\/www.denieuwetegel.nl\/de\/vakantiewoning\/","og_locale":"de_DE","og_type":"article","og_title":"Ferienhaus - De Nieuwe Tegel","og_description":"Diese neue, sehr luxuri\u00f6se Ferienwohnung, ist mit den \u201cZeeuwse Moppen\u201d (traditionelle, Zeel\u00e4ndische Ziegelsteine) wieder aufgebaut ( 2017) und mit allen modernen Annehmlichkeiten versehen. Einzigartige Lage, hinter dem gem\u00fctlichen Zentrum von Zoutelande (50 Meter) und 150 Meter vom Strand entfernt. Unsere Adresse lautet : Timmermanstraat 9, 4374 AR Zoutelande. F\u00fcr einen sorglosen Urlaub hantieren wir das+ Lesen Sie mehr","og_url":"https:\/\/www.denieuwetegel.nl\/de\/vakantiewoning\/","og_site_name":"De Nieuwe Tegel","article_modified_time":"2025-04-04T12:52:28+00:00","twitter_card":"summary_large_image","twitter_misc":{"Gesch\u00e4tzte Lesezeit":"3\u00a0Minuten"},"schema":{"@context":"https:\/\/schema.org","@graph":[{"@type":"WebPage","@id":"https:\/\/www.denieuwetegel.nl\/de\/vakantiewoning\/","url":"https:\/\/www.denieuwetegel.nl\/de\/vakantiewoning\/","name":"Ferienhaus - De Nieuwe Tegel","isPartOf":{"@id":"https:\/\/www.denieuwetegel.nl\/#website"},"datePublished":"2022-08-29T10:52:50+00:00","dateModified":"2025-04-04T12:52:28+00:00","breadcrumb":{"@id":"https:\/\/www.denieuwetegel.nl\/de\/vakantiewoning\/#breadcrumb"},"inLanguage":"de","potentialAction":[{"@type":"ReadAction","target":["https:\/\/www.denieuwetegel.nl\/de\/vakantiewoning\/"]}]},{"@type":"BreadcrumbList","@id":"https:\/\/www.denieuwetegel.nl\/de\/vakantiewoning\/#breadcrumb","itemListElement":[{"@type":"ListItem","position":1,"name":"Home","item":"https:\/\/www.denieuwetegel.nl\/"},{"@type":"ListItem","position":2,"name":"Ferienhaus"}]},{"@type":"WebSite","@id":"https:\/\/www.denieuwetegel.nl\/#website","url":"https:\/\/www.denieuwetegel.nl\/","name":"De Nieuwe Tegel","description":"Vakantiewoning Zoutelande","potentialAction":[{"@type":"SearchAction","target":{"@type":"EntryPoint","urlTemplate":"https:\/\/www.denieuwetegel.nl\/?s={search_term_string}"},"query-input":{"@type":"PropertyValueSpecification","valueRequired":true,"valueName":"search_term_string"}}],"inLanguage":"de"}]}},"_links":{"self":[{"href":"https:\/\/www.denieuwetegel.nl\/de\/wp-json\/wp\/v2\/pages\/473","targetHints":{"allow":["GET"]}}],"collection":[{"href":"https:\/\/www.denieuwetegel.nl\/de\/wp-json\/wp\/v2\/pages"}],"about":[{"href":"https:\/\/www.denieuwetegel.nl\/de\/wp-json\/wp\/v2\/types\/page"}],"author":[{"embeddable":true,"href":"https:\/\/www.denieuwetegel.nl\/de\/wp-json\/wp\/v2\/users\/1"}],"replies":[{"embeddable":true,"href":"https:\/\/www.denieuwetegel.nl\/de\/wp-json\/wp\/v2\/comments?post=473"}],"version-history":[{"count":3,"href":"https:\/\/www.denieuwetegel.nl\/de\/wp-json\/wp\/v2\/pages\/473\/revisions"}],"predecessor-version":[{"id":545,"href":"https:\/\/www.denieuwetegel.nl\/de\/wp-json\/wp\/v2\/pages\/473\/revisions\/545"}],"wp:attachment":[{"href":"https:\/\/www.denieuwetegel.nl\/de\/wp-json\/wp\/v2\/media?parent=473"}],"curies":[{"name":"wp","href":"https:\/\/api.w.org\/{rel}","templated":true}]}}