{"id":75,"date":"2017-12-04T13:01:48","date_gmt":"2017-12-04T13:01:48","guid":{"rendered":"http:\/\/www.denieuwetegel.nl\/?page_id=75"},"modified":"2026-01-07T18:44:51","modified_gmt":"2026-01-07T17:44:51","slug":"prijzen","status":"publish","type":"page","link":"https:\/\/www.denieuwetegel.nl\/de\/prijzen\/","title":{"rendered":"Preisen"},"content":{"rendered":"<p><\/p>\n<h1>-Im Preis inbegriffen.<\/h1>\n<p><strong>Strandkabine<\/strong> S\u00fcdstrand 1, inkl. Sonnenschutz, 6 Stuhlen und 1 Tisch von 1.Mai bis 15.September, manchmal fr\u00fcher oder l\u00e4nger.<\/p>\n<p><strong>Parken<\/strong> ist m\u00f6glich vor dem Haus\u00a0 und 2. Auto mit Parkausweis ( inbegriffen ) Zone 3<\/p>\n<p><strong>Kurtaxe:<\/strong>\u00a0Person pro Nacht \u20ac 2.&#8211;\u00a0 pro Person pro Nacht)<\/p>\n<p><strong>Frisch bezogen Bettw\u00e4sche<\/strong><\/p>\n<p><strong>K\u00fcchenhandt\u00fccher<\/strong>: Abtrockentuch, Handtuch f\u00fcr Gl\u00e4ser, Sp\u00fcltuch, Schwamm, Tablets f\u00fcr den Geschirrsp\u00fcler, G\u00e4stehandt\u00fccher f\u00fcr beide Badezimmer und Toilette, 2 Badematten.<\/p>\n<p><strong>Handt\u00fccher<\/strong>: 1 Badehandtuch + 2 Handt\u00fccher pro Person:<\/p>\n<p><strong>Strandhandtuch<\/strong>: 1 pro Person: (ab<u> 1.Mai bis einschlie\u00dflich 15. September)<\/u><\/p>\n<p>Gebrauch <strong>Waschmaschine<\/strong> und <strong>Trockner<\/strong>: W\u00e4schetabs sind vorhanden<\/p>\n<p><strong>Wifi<\/strong><\/p>\n<p><strong>Gebrauch Babybett mit Kissen<\/strong> und wird f\u00fcr Sie frisch bezogen bereit gestellt (mit Molton), Laken und evtl. Decke bitte selber mitbringen. (bei der Reservierung vermelden).<\/p>\n<p><strong>Gebrauch Kinderstuhl, Babywanne und Box (<\/strong>bitte selber eine Decke f\u00fcr die Box mitnehmen), bei der Reservierung bitte vermelden.<\/p>\n<p>F\u00fcr die \u201ckleinen Reisebegleiter\u201d ist ein <strong>Treppenschutzgitter<\/strong> vorhanden.<\/p>\n<p>Benutzung des <strong>Safes<\/strong>: ( bei Vermietung an 2 Pers. auf Anfrage).<\/p>\n<p>&nbsp;<\/p>\n<p><strong><span style=\"font-size: 21px;\">Nicht inbegriffen:<\/span><\/strong><\/p>\n<p>Endreinigung: \u20ac 120\u00a0 ( Option A: \u20ac80;\u00a0 Option B: \u20ac90;\u00a0\u00a0 Option C: \u20ac100 )<\/p>\n<p>Garantiesumme: \u20ac 100,&#8211; ( innerhalb von 2 Wochen nach Abreise retour ).<\/p>\n<p>Haustiere erlaubt nur auf Anfrage und Bedingungen: nicht erlaubt in Schlafzimmer, oder sitzen \/ liegen am M\u00f6bel, und max. 1, \u20ac 60 pro \u00a0Haustier.<\/p>\n<h2><span style=\"font-size: 16px;\">Bei Ihrer Reservierung bitten wir Sie, die Passnummer oder ID. und Geburtsatum des Buchers anzugeben,\u00a0 Reserverungen: via deze Site oder pro Mail:<\/span><\/h2>\n<p>Mevr. N. Melis<br \/>\nEmail: <a href=\"mailto:info@denieuwetegel.nl\">info@denieuwetegel.nl<\/a><br \/>\nWebsite: <a href=\"http:\/\/www.denieuwetegel.nl\">www.denieuwetegel.nl<\/a><\/p>\n<h2>Preise:<\/h2>\n<table style=\"height: 552px;\" width=\"656\" cellspacing=\"0\" cellpadding=\"0\">\n<tbody>\n<tr>\n<td valign=\"top\">von 02-01-2026<\/td>\n<td valign=\"top\">bis 13-02-2026<\/td>\n<td valign=\"top\">\u20ac 740<\/td>\n<\/tr>\n<tr>\n<td valign=\"top\">von 13-02-2026<\/td>\n<td valign=\"top\">bis 27-02-2026<\/td>\n<td valign=\"top\">\u20ac 785<\/td>\n<\/tr>\n<tr>\n<td valign=\"top\">von 27-02-2026<\/td>\n<td valign=\"top\">bis 27-03-2026<\/td>\n<td valign=\"top\">\u20ac 740<\/td>\n<\/tr>\n<tr>\n<td valign=\"top\">von 27-03-2026<\/td>\n<td valign=\"top\">bis 10-04-2026<\/td>\n<td valign=\"top\">\u20ac 1245<\/td>\n<\/tr>\n<tr>\n<td valign=\"top\">von 10-04-2026<\/td>\n<td valign=\"top\">bis 22-05-2026<\/td>\n<td valign=\"top\">\u20ac 1050<\/td>\n<\/tr>\n<tr>\n<td valign=\"top\">von 22-05-2026<\/td>\n<td valign=\"top\">bis 29-05-2026<\/td>\n<td valign=\"top\">\u20ac 1250<\/td>\n<\/tr>\n<tr>\n<td valign=\"top\">von 29-05-2026<\/td>\n<td valign=\"top\">bis 03-07-2026<\/td>\n<td valign=\"top\">\u20ac 1230<\/td>\n<\/tr>\n<tr>\n<td valign=\"top\">von 03-07-2026<\/td>\n<td valign=\"top\">bis 28-08-2026<\/td>\n<td valign=\"top\">\u20ac 1795 <em>Sommerferien (Hochsaison)<\/em><\/td>\n<\/tr>\n<tr>\n<td valign=\"top\">von 28-08-2026<\/td>\n<td valign=\"top\">bis 11-09-2026<\/td>\n<td valign=\"top\">\u20ac 1620<\/td>\n<\/tr>\n<tr>\n<td valign=\"top\">von 11-09-2026<\/td>\n<td valign=\"top\">bis 09-10-2026<\/td>\n<td valign=\"top\">\u20ac 1020<\/td>\n<\/tr>\n<tr>\n<td valign=\"top\">von 09-10-2026<\/td>\n<td valign=\"top\">bis 23-10-2026<\/td>\n<td valign=\"top\">\u20ac 1175<\/td>\n<\/tr>\n<tr>\n<td valign=\"top\">von 23-10-2026<\/td>\n<td valign=\"top\">bis 18-12-2026<\/td>\n<td valign=\"top\">\u20ac 740<\/td>\n<\/tr>\n<tr>\n<td valign=\"top\">von 18-12-2026<\/td>\n<td valign=\"top\">bis 01-01-2027<\/td>\n<td valign=\"top\">\u20ac 910<\/td>\n<\/tr>\n<\/tbody>\n<\/table>\n<p>&nbsp;<\/p>\n<p>Wenn Sie mit weniger als 5 Personen sind, gibt es mehrere Rabattoptionen: Bitte geben Sie dies bei Ihrer Reservierung an.<\/p>\n<p><u><span style=\"color: #ff0000;\">Option A<\/span>:<\/u> 1 oder 2 Personen:<\/p>\n<p>Sie n\u00fctzen nur das Erdgeschoss mit Schlafzimmer und Badezimmer. Rabatt\u00a0 Hochsaison 150 P.W. ; Nebensaison 100 P.W.; 5 Tagewoche\/Langes Wochenende 75. Endreinigung \u20ac80\u00a0 (Normal 120)<\/p>\n<p><span style=\"color: #ff0000;\"><u>Option B<\/u><\/span>: 3 oder 4 Personen:<\/p>\n<p>Das Schlafzimmer mit Badezimmer am Erdgeschoss bleibt abgeschlossen: Rabatt Hochsaison 100 P.W.; Nebensaison 50 P.W.; 5 Tage Woche\/Langes Wochenende 35.\u00a0 Endreinigung \u20ac90 ( Normal 120)<\/p>\n<p><span style=\"color: #ff0000;\"><u>Option C<\/u><\/span>: 3 oder 4 Personen:<\/p>\n<p>1 Zimmer oben abgeschlossen: ( Badezimmer oben Inbegriffen) Rabatt Hochsaison 65 P.W; Nebensaison 45 P.W.; 5 Tagewoche\/Langes Wochenende 35.\u00a0 Endreinigung 100 ( Normal 120)<\/p>\n<p>(Kostenerstattung erfolgt innerhalb 2 Wochen nach der Abreise).<\/p>","protected":false},"excerpt":{"rendered":"<p>-Im Preis inbegriffen. Strandkabine S\u00fcdstrand 1, inkl. Sonnenschutz, 6 Stuhlen und 1 Tisch von 1.Mai bis 15.September, manchmal fr\u00fcher oder l\u00e4nger. Parken ist m\u00f6glich vor dem Haus\u00a0 und 2. Auto mit Parkausweis ( inbegriffen ) Zone 3 Kurtaxe:\u00a0Person pro Nacht \u20ac 2.&#8211;\u00a0 pro Person pro Nacht) Frisch bezogen Bettw\u00e4sche K\u00fcchenhandt\u00fccher: Abtrockentuch, Handtuch f\u00fcr Gl\u00e4ser, Sp\u00fcltuch,<br \/><a class=\"moretag\" href=\"https:\/\/www.denieuwetegel.nl\/de\/prijzen\/\">+ Lesen Sie mehr<\/a><\/p>\n","protected":false},"author":1,"featured_media":0,"parent":0,"menu_order":0,"comment_status":"closed","ping_status":"closed","template":"","meta":{"footnotes":""},"class_list":["post-75","page","type-page","status-publish","hentry"],"yoast_head":"<!-- This site is optimized with the Yoast SEO plugin v27.4 - https:\/\/yoast.com\/product\/yoast-seo-wordpress\/ -->\n<title>Preisen - De Nieuwe Tegel<\/title>\n<meta name=\"robots\" content=\"index, follow, max-snippet:-1, max-image-preview:large, max-video-preview:-1\" \/>\n<link rel=\"canonical\" href=\"https:\/\/www.denieuwetegel.nl\/de\/prijzen\/\" \/>\n<meta property=\"og:locale\" content=\"de_DE\" \/>\n<meta property=\"og:type\" content=\"article\" \/>\n<meta property=\"og:title\" content=\"Preisen - De Nieuwe Tegel\" \/>\n<meta property=\"og:description\" content=\"-Im Preis inbegriffen. Strandkabine S\u00fcdstrand 1, inkl. Sonnenschutz, 6 Stuhlen und 1 Tisch von 1.Mai bis 15.September, manchmal fr\u00fcher oder l\u00e4nger. Parken ist m\u00f6glich vor dem Haus\u00a0 und 2. Auto mit Parkausweis ( inbegriffen ) Zone 3 Kurtaxe:\u00a0Person pro Nacht \u20ac 2.&#8211;\u00a0 pro Person pro Nacht) Frisch bezogen Bettw\u00e4sche K\u00fcchenhandt\u00fccher: Abtrockentuch, Handtuch f\u00fcr Gl\u00e4ser, Sp\u00fcltuch,+ Lesen Sie mehr\" \/>\n<meta property=\"og:url\" content=\"https:\/\/www.denieuwetegel.nl\/de\/prijzen\/\" \/>\n<meta property=\"og:site_name\" content=\"De Nieuwe Tegel\" \/>\n<meta property=\"article:modified_time\" content=\"2026-01-07T17:44:51+00:00\" \/>\n<meta name=\"twitter:card\" content=\"summary_large_image\" \/>\n<meta name=\"twitter:label1\" content=\"Gesch\u00e4tzte Lesezeit\" \/>\n\t<meta name=\"twitter:data1\" content=\"3\u00a0Minuten\" \/>\n<script type=\"application\/ld+json\" class=\"yoast-schema-graph\">{\"@context\":\"https:\\\/\\\/schema.org\",\"@graph\":[{\"@type\":\"WebPage\",\"@id\":\"https:\\\/\\\/www.denieuwetegel.nl\\\/de\\\/prijzen\\\/\",\"url\":\"https:\\\/\\\/www.denieuwetegel.nl\\\/de\\\/prijzen\\\/\",\"name\":\"Preisen - De Nieuwe Tegel\",\"isPartOf\":{\"@id\":\"https:\\\/\\\/www.denieuwetegel.nl\\\/#website\"},\"datePublished\":\"2017-12-04T13:01:48+00:00\",\"dateModified\":\"2026-01-07T17:44:51+00:00\",\"breadcrumb\":{\"@id\":\"https:\\\/\\\/www.denieuwetegel.nl\\\/de\\\/prijzen\\\/#breadcrumb\"},\"inLanguage\":\"de\",\"potentialAction\":[{\"@type\":\"ReadAction\",\"target\":[\"https:\\\/\\\/www.denieuwetegel.nl\\\/de\\\/prijzen\\\/\"]}]},{\"@type\":\"BreadcrumbList\",\"@id\":\"https:\\\/\\\/www.denieuwetegel.nl\\\/de\\\/prijzen\\\/#breadcrumb\",\"itemListElement\":[{\"@type\":\"ListItem\",\"position\":1,\"name\":\"Home\",\"item\":\"https:\\\/\\\/www.denieuwetegel.nl\\\/\"},{\"@type\":\"ListItem\",\"position\":2,\"name\":\"Preisen\"}]},{\"@type\":\"WebSite\",\"@id\":\"https:\\\/\\\/www.denieuwetegel.nl\\\/#website\",\"url\":\"https:\\\/\\\/www.denieuwetegel.nl\\\/\",\"name\":\"De Nieuwe Tegel\",\"description\":\"Vakantiewoning Zoutelande\",\"potentialAction\":[{\"@type\":\"SearchAction\",\"target\":{\"@type\":\"EntryPoint\",\"urlTemplate\":\"https:\\\/\\\/www.denieuwetegel.nl\\\/?s={search_term_string}\"},\"query-input\":{\"@type\":\"PropertyValueSpecification\",\"valueRequired\":true,\"valueName\":\"search_term_string\"}}],\"inLanguage\":\"de\"}]}<\/script>\n<!-- \/ Yoast SEO plugin. -->","yoast_head_json":{"title":"Preisen - De Nieuwe Tegel","robots":{"index":"index","follow":"follow","max-snippet":"max-snippet:-1","max-image-preview":"max-image-preview:large","max-video-preview":"max-video-preview:-1"},"canonical":"https:\/\/www.denieuwetegel.nl\/de\/prijzen\/","og_locale":"de_DE","og_type":"article","og_title":"Preisen - De Nieuwe Tegel","og_description":"-Im Preis inbegriffen. Strandkabine S\u00fcdstrand 1, inkl. Sonnenschutz, 6 Stuhlen und 1 Tisch von 1.Mai bis 15.September, manchmal fr\u00fcher oder l\u00e4nger. Parken ist m\u00f6glich vor dem Haus\u00a0 und 2. Auto mit Parkausweis ( inbegriffen ) Zone 3 Kurtaxe:\u00a0Person pro Nacht \u20ac 2.&#8211;\u00a0 pro Person pro Nacht) Frisch bezogen Bettw\u00e4sche K\u00fcchenhandt\u00fccher: Abtrockentuch, Handtuch f\u00fcr Gl\u00e4ser, Sp\u00fcltuch,+ Lesen Sie mehr","og_url":"https:\/\/www.denieuwetegel.nl\/de\/prijzen\/","og_site_name":"De Nieuwe Tegel","article_modified_time":"2026-01-07T17:44:51+00:00","twitter_card":"summary_large_image","twitter_misc":{"Gesch\u00e4tzte Lesezeit":"3\u00a0Minuten"},"schema":{"@context":"https:\/\/schema.org","@graph":[{"@type":"WebPage","@id":"https:\/\/www.denieuwetegel.nl\/de\/prijzen\/","url":"https:\/\/www.denieuwetegel.nl\/de\/prijzen\/","name":"Preisen - De Nieuwe Tegel","isPartOf":{"@id":"https:\/\/www.denieuwetegel.nl\/#website"},"datePublished":"2017-12-04T13:01:48+00:00","dateModified":"2026-01-07T17:44:51+00:00","breadcrumb":{"@id":"https:\/\/www.denieuwetegel.nl\/de\/prijzen\/#breadcrumb"},"inLanguage":"de","potentialAction":[{"@type":"ReadAction","target":["https:\/\/www.denieuwetegel.nl\/de\/prijzen\/"]}]},{"@type":"BreadcrumbList","@id":"https:\/\/www.denieuwetegel.nl\/de\/prijzen\/#breadcrumb","itemListElement":[{"@type":"ListItem","position":1,"name":"Home","item":"https:\/\/www.denieuwetegel.nl\/"},{"@type":"ListItem","position":2,"name":"Preisen"}]},{"@type":"WebSite","@id":"https:\/\/www.denieuwetegel.nl\/#website","url":"https:\/\/www.denieuwetegel.nl\/","name":"De Nieuwe Tegel","description":"Vakantiewoning Zoutelande","potentialAction":[{"@type":"SearchAction","target":{"@type":"EntryPoint","urlTemplate":"https:\/\/www.denieuwetegel.nl\/?s={search_term_string}"},"query-input":{"@type":"PropertyValueSpecification","valueRequired":true,"valueName":"search_term_string"}}],"inLanguage":"de"}]}},"_links":{"self":[{"href":"https:\/\/www.denieuwetegel.nl\/de\/wp-json\/wp\/v2\/pages\/75","targetHints":{"allow":["GET"]}}],"collection":[{"href":"https:\/\/www.denieuwetegel.nl\/de\/wp-json\/wp\/v2\/pages"}],"about":[{"href":"https:\/\/www.denieuwetegel.nl\/de\/wp-json\/wp\/v2\/types\/page"}],"author":[{"embeddable":true,"href":"https:\/\/www.denieuwetegel.nl\/de\/wp-json\/wp\/v2\/users\/1"}],"replies":[{"embeddable":true,"href":"https:\/\/www.denieuwetegel.nl\/de\/wp-json\/wp\/v2\/comments?post=75"}],"version-history":[{"count":17,"href":"https:\/\/www.denieuwetegel.nl\/de\/wp-json\/wp\/v2\/pages\/75\/revisions"}],"predecessor-version":[{"id":564,"href":"https:\/\/www.denieuwetegel.nl\/de\/wp-json\/wp\/v2\/pages\/75\/revisions\/564"}],"wp:attachment":[{"href":"https:\/\/www.denieuwetegel.nl\/de\/wp-json\/wp\/v2\/media?parent=75"}],"curies":[{"name":"wp","href":"https:\/\/api.w.org\/{rel}","templated":true}]}}